{"id":47,"date":"2017-07-13T23:01:28","date_gmt":"2017-07-13T21:01:28","guid":{"rendered":"http:\/\/noricusprojekt.de\/blog\/?page_id=47"},"modified":"2018-03-23T12:15:30","modified_gmt":"2018-03-23T11:15:30","slug":"start","status":"publish","type":"page","link":"http:\/\/www.noricusprojekt.de\/blog\/","title":{"rendered":"Start"},"content":{"rendered":"<p><strong>Wohnungsbau der Zukunft oder Sinnbild anonymen Lebens?<\/strong><\/p>\n<p><strong>Die Norikus-Wohnanlage am W\u00f6hrdersee in N\u00fcrnberg<\/strong><\/p>\n<p>\u201eDas Wohnhochhaus steht in Deutschland noch immer f\u00fcr g\u00fcnstigen Massenwohnungsbau.\u201c Florian Schl\u00fcter, Architekt, 2017\u00b9<\/p>\n<p>\u201eUrspr\u00fcnglich wollten wir dort einmal ein 42-geschossiges Geb\u00e4ude hinstellen. Jetzt haben wir von solch einem Riesen-Haus abgesehen. Wir bauen jetzt nur noch einen Noricus.\u201c Baureferent Heinz Schmei\u00dfner, 1967<\/p>\n<p>\u201eDas Wohnhochhaus ist ein teures Produkt. Es eignet sich nicht f\u00fcr g\u00fcnstigen Wohnungsbau.\u201c Florian Schl\u00fcter, Architekt, 2017\u00b9<\/p>\n<p><img loading=\"lazy\" decoding=\"async\" class=\"alignnone wp-image-41\" src=\"http:\/\/noricusprojekt.de\/blog\/wp-content\/uploads\/2017\/06\/IMG_20160122_081730-2-1024x768.jpg\" alt=\"\" width=\"202\" height=\"151\" srcset=\"http:\/\/www.noricusprojekt.de\/blog\/wp-content\/uploads\/2017\/06\/IMG_20160122_081730-2-1024x768.jpg 1024w, http:\/\/www.noricusprojekt.de\/blog\/wp-content\/uploads\/2017\/06\/IMG_20160122_081730-2-300x225.jpg 300w, http:\/\/www.noricusprojekt.de\/blog\/wp-content\/uploads\/2017\/06\/IMG_20160122_081730-2-768x576.jpg 768w, http:\/\/www.noricusprojekt.de\/blog\/wp-content\/uploads\/2017\/06\/IMG_20160122_081730-2-800x600.jpg 800w, http:\/\/www.noricusprojekt.de\/blog\/wp-content\/uploads\/2017\/06\/IMG_20160122_081730-2-400x300.jpg 400w\" sizes=\"auto, (max-width: 202px) 100vw, 202px\" \/> <img loading=\"lazy\" decoding=\"async\" class=\"alignnone wp-image-34\" src=\"http:\/\/noricusprojekt.de\/blog\/wp-content\/uploads\/2017\/06\/IMG_20160411_185723-1024x768.jpg\" alt=\"\" width=\"203\" height=\"152\" srcset=\"http:\/\/www.noricusprojekt.de\/blog\/wp-content\/uploads\/2017\/06\/IMG_20160411_185723-1024x768.jpg 1024w, http:\/\/www.noricusprojekt.de\/blog\/wp-content\/uploads\/2017\/06\/IMG_20160411_185723-300x225.jpg 300w, http:\/\/www.noricusprojekt.de\/blog\/wp-content\/uploads\/2017\/06\/IMG_20160411_185723-768x576.jpg 768w, http:\/\/www.noricusprojekt.de\/blog\/wp-content\/uploads\/2017\/06\/IMG_20160411_185723-800x600.jpg 800w, http:\/\/www.noricusprojekt.de\/blog\/wp-content\/uploads\/2017\/06\/IMG_20160411_185723-400x300.jpg 400w\" sizes=\"auto, (max-width: 203px) 100vw, 203px\" \/> <img loading=\"lazy\" decoding=\"async\" class=\"alignnone wp-image-36\" src=\"http:\/\/noricusprojekt.de\/blog\/wp-content\/uploads\/2017\/06\/IMG_20161028_090155-1024x768.jpg\" alt=\"\" width=\"203\" height=\"152\" srcset=\"http:\/\/www.noricusprojekt.de\/blog\/wp-content\/uploads\/2017\/06\/IMG_20161028_090155-1024x768.jpg 1024w, http:\/\/www.noricusprojekt.de\/blog\/wp-content\/uploads\/2017\/06\/IMG_20161028_090155-300x225.jpg 300w, http:\/\/www.noricusprojekt.de\/blog\/wp-content\/uploads\/2017\/06\/IMG_20161028_090155-768x576.jpg 768w, http:\/\/www.noricusprojekt.de\/blog\/wp-content\/uploads\/2017\/06\/IMG_20161028_090155-800x600.jpg 800w, http:\/\/www.noricusprojekt.de\/blog\/wp-content\/uploads\/2017\/06\/IMG_20161028_090155-400x300.jpg 400w\" sizes=\"auto, (max-width: 203px) 100vw, 203px\" \/><\/p>\n<p style=\"text-align: justify;\">Das Noricusprojekt n\u00e4hert sich aus verschiedenen Blickwinkeln der 1972 fertig gestellten N\u00fcrnberger Norikus-Wohnanlage am W\u00f6hrdersee. Wie ist diese Anlage entstanden? Woher kommt der Name? Wer lebt in der Wohnanlage und wie lebt es sich dort? Dar\u00fcber hinaus steht der Themenkomplex Wohnhochhaus allgemein zur Diskussion. Ist das Hochhaus eine Chance f\u00fcr den st\u00e4dtischen Wohnungsbau? Trifft das Klischee vom anonymen Wohnen zu? Diese und viele weitere Fragen und Aspekte werden besprochen, beantwortet, zur Diskussion gestellt. Beitr\u00e4ge zur <span style=\"color: #333399;\"><a style=\"color: #333399;\" href=\"http:\/\/www.noricusprojekt.de\/blog\/2017\/11\/01\/64\/\" target=\"_blank\" rel=\"noopener\">Baugeschichte<\/a><\/span> und \u00fcber das <span style=\"color: #333399;\"><a style=\"color: #333399;\" href=\"http:\/\/www.noricusprojekt.de\/blog\/category\/wohnen\/\" target=\"_blank\" rel=\"noopener\">Wohnen<\/a><\/span> im Norikus werden hier nach und nach ver\u00f6ffentlicht. Dabei setzen Text-, Bild- und <span style=\"color: #333399;\"><a style=\"color: #333399;\" href=\"http:\/\/www.noricusprojekt.de\/blog\/category\/podcast\/\" target=\"_blank\" rel=\"noopener\">Audiobeitr\u00e4ge<\/a><\/span> die Wohnanlage als auch das Thema vielschichtig in Szene.<\/p>\n<p><img loading=\"lazy\" decoding=\"async\" class=\"alignnone wp-image-103\" src=\"http:\/\/noricusprojekt.de\/blog\/wp-content\/uploads\/2017\/07\/IMG_9925-02-300x200.jpeg\" alt=\"\" width=\"203\" height=\"135\" srcset=\"http:\/\/www.noricusprojekt.de\/blog\/wp-content\/uploads\/2017\/07\/IMG_9925-02-300x200.jpeg 300w, http:\/\/www.noricusprojekt.de\/blog\/wp-content\/uploads\/2017\/07\/IMG_9925-02-768x512.jpeg 768w, http:\/\/www.noricusprojekt.de\/blog\/wp-content\/uploads\/2017\/07\/IMG_9925-02-1024x683.jpeg 1024w, http:\/\/www.noricusprojekt.de\/blog\/wp-content\/uploads\/2017\/07\/IMG_9925-02-800x533.jpeg 800w\" sizes=\"auto, (max-width: 203px) 100vw, 203px\" \/> <img loading=\"lazy\" decoding=\"async\" class=\"alignnone wp-image-102\" src=\"http:\/\/noricusprojekt.de\/blog\/wp-content\/uploads\/2017\/07\/IMG_9736-300x200.jpg\" alt=\"\" width=\"203\" height=\"135\" srcset=\"http:\/\/www.noricusprojekt.de\/blog\/wp-content\/uploads\/2017\/07\/IMG_9736-300x200.jpg 300w, http:\/\/www.noricusprojekt.de\/blog\/wp-content\/uploads\/2017\/07\/IMG_9736-768x512.jpg 768w, http:\/\/www.noricusprojekt.de\/blog\/wp-content\/uploads\/2017\/07\/IMG_9736-1024x683.jpg 1024w, http:\/\/www.noricusprojekt.de\/blog\/wp-content\/uploads\/2017\/07\/IMG_9736-800x533.jpg 800w\" sizes=\"auto, (max-width: 203px) 100vw, 203px\" \/> <img loading=\"lazy\" decoding=\"async\" class=\"alignnone wp-image-104\" src=\"http:\/\/noricusprojekt.de\/blog\/wp-content\/uploads\/2017\/07\/Tiefgarage_Tor-300x200.jpeg\" alt=\"\" width=\"203\" height=\"135\" srcset=\"http:\/\/www.noricusprojekt.de\/blog\/wp-content\/uploads\/2017\/07\/Tiefgarage_Tor-300x200.jpeg 300w, http:\/\/www.noricusprojekt.de\/blog\/wp-content\/uploads\/2017\/07\/Tiefgarage_Tor-768x512.jpeg 768w, http:\/\/www.noricusprojekt.de\/blog\/wp-content\/uploads\/2017\/07\/Tiefgarage_Tor-1024x683.jpeg 1024w, http:\/\/www.noricusprojekt.de\/blog\/wp-content\/uploads\/2017\/07\/Tiefgarage_Tor-800x533.jpeg 800w\" sizes=\"auto, (max-width: 203px) 100vw, 203px\" \/><\/p>\n<p style=\"text-align: justify;\">Der Architekt Harald Loebermann distanzierte sich von seinem Werk am Tullnaupark, das zeitweise einen zwielichtigen Ruf hatte. <span style=\"color: #333399;\"><a style=\"color: #333399;\" href=\"http:\/\/www.noricusprojekt.de\/blog\/category\/wohnen\/\" target=\"_blank\" rel=\"noopener\">Geschichten und Ansichten<\/a><\/span> seiner Bewohnerinnen und Bewohner er\u00f6ffnen individuelle und auch positive Sichtweisen auf den Norikus. In seiner ersten Phase wirft das Noricus-Projekt einen 360-Grad-Blick auf die Wohnanlage am W\u00f6hrdersee und ihren Bez\u00fcgen zu N\u00fcrnberg. Es m\u00f6chte Sichtweisen hinterfragen, herausfordern, neu beleuchten und es l\u00e4dt zum Dialog und zu Kommentaren ein.<\/p>\n<p style=\"text-align: justify;\">So auch Sie, liebe Leserin, lieber Leser: Was ist Ihre Ansicht, Ihr pers\u00f6nlicher Eindruck zum Norikus und zum Thema Wohnhochhaus allgemein? Ich freue mich auf Ihre Meinung, Ihre Fotos, gerne auch per Email mit Ihrer Einwilligung zur Ver\u00f6ffentlichung an <span style=\"color: #333399;\"><a style=\"color: #333399;\" href=\"mailto:feedback@noricusprojekt.de\">feedback@noricusprojekt.de<\/a><\/span> .<\/p>\n<p style=\"text-align: justify;\">Nach dieser Phase des Sammelns und Wiedergebens, Fragens und Antwortens, des Best\u00e4tigens und Einr\u00e4umens steht je nach Bedarf und Entwicklung eine zweite Projektphase zur Disposition: \u00d6ffentliche Rundg\u00e4nge durchs Haus, eine Ausstellung, ein interkulturelles Projekt, ein Ort der Begegnung vor Ort, Exkursionen zu anderen Hochhauswohnanlagen und vieles mehr ist denkbar, m\u00f6glich, angedacht&#8230;<\/p>\n<p>\u00b9 Zitat aus dem Interview &#8222;<span style=\"color: #333399;\"><a style=\"color: #333399;\" href=\"http:\/\/bauwelt.de\/themen\/interview\/Hochhausdebatte-Claudia-Meixner-Florian-Schlueter-Frankfurt-am-Main-2826707.html\" target=\"_blank\" rel=\"noopener\">Die Hochhausdebatte<\/a><\/span>&#8220; in &#8222;Bauwelt&#8220;<\/p>\n<p>&nbsp;<\/p>\n<p>&nbsp;<\/p>\n","protected":false},"excerpt":{"rendered":"<p>Wohnungsbau der Zukunft oder Sinnbild anonymen Lebens? Die Norikus-Wohnanlage am W\u00f6hrdersee in N\u00fcrnberg \u201eDas Wohnhochhaus steht in Deutschland noch immer f\u00fcr g\u00fcnstigen Massenwohnungsbau.\u201c Florian Schl\u00fcter, Architekt, 2017\u00b9 \u201eUrspr\u00fcnglich wollten wir dort einmal ein 42-geschossiges Geb\u00e4ude hinstellen. Jetzt haben wir von solch einem Riesen-Haus abgesehen. Wir bauen jetzt nur noch einen Noricus.\u201c Baureferent Heinz Schmei\u00dfner, 1967 &hellip; <\/p>\n<p class=\"link-more\"><a href=\"http:\/\/www.noricusprojekt.de\/blog\/\" class=\"more-link\"><span class=\"screen-reader-text\">\u201eStart\u201c<\/span> weiterlesen<\/a><\/p>\n","protected":false},"author":1,"featured_media":0,"parent":0,"menu_order":0,"comment_status":"open","ping_status":"open","template":"","meta":{"footnotes":""},"class_list":["post-47","page","type-page","status-publish","hentry"],"aioseo_notices":[],"_links":{"self":[{"href":"http:\/\/www.noricusprojekt.de\/blog\/wp-json\/wp\/v2\/pages\/47","targetHints":{"allow":["GET"]}}],"collection":[{"href":"http:\/\/www.noricusprojekt.de\/blog\/wp-json\/wp\/v2\/pages"}],"about":[{"href":"http:\/\/www.noricusprojekt.de\/blog\/wp-json\/wp\/v2\/types\/page"}],"author":[{"embeddable":true,"href":"http:\/\/www.noricusprojekt.de\/blog\/wp-json\/wp\/v2\/users\/1"}],"replies":[{"embeddable":true,"href":"http:\/\/www.noricusprojekt.de\/blog\/wp-json\/wp\/v2\/comments?post=47"}],"version-history":[{"count":11,"href":"http:\/\/www.noricusprojekt.de\/blog\/wp-json\/wp\/v2\/pages\/47\/revisions"}],"predecessor-version":[{"id":154,"href":"http:\/\/www.noricusprojekt.de\/blog\/wp-json\/wp\/v2\/pages\/47\/revisions\/154"}],"wp:attachment":[{"href":"http:\/\/www.noricusprojekt.de\/blog\/wp-json\/wp\/v2\/media?parent=47"}],"curies":[{"name":"wp","href":"https:\/\/api.w.org\/{rel}","templated":true}]}}